{"id":3036,"date":"2025-04-30T14:24:04","date_gmt":"2025-04-30T14:24:04","guid":{"rendered":"https:\/\/villains-massy.com\/?page_id=3036"},"modified":"2025-05-10T09:36:49","modified_gmt":"2025-05-10T09:36:49","slug":"connexion","status":"publish","type":"page","link":"https:\/\/villains-massy.com\/?page_id=3036","title":{"rendered":"Ecrire un Article"},"content":{"rendered":"\n<p>Vous pourrez ainsi cr\u00e9er vous m\u00eame des articles&#8230;<\/p>\n\n\n\n<ul style=\"line-height:4.4\" class=\"wp-block-list\">\n<li>1.Remplir le formulaire ci-apr\u00e8s et soumettez le.\n<ul class=\"wp-block-list\">\n<li style=\"font-style:normal;font-weight:100;line-height:1.5\">2. <strong><em>Votre article ne sera publi\u00e9 qu&rsquo;une fois approuv\u00e9 par l&rsquo;administrateur<\/em>.<\/strong><br> Le d\u00e9lai devrait \u00eatre de 24h. Au-del\u00e0 merci d&rsquo;<a href=\"https:\/\/villains-massy.com\/contact\/\" data-type=\"page\" data-id=\"2783\">envoyer un email de contact.<\/a><\/li>\n<\/ul>\n<\/li>\n\n\n\n<li>3. Une fois approuv\u00e9, il appara\u00eetra dans la liste des articles des Villains de Massy<\/li>\n<\/ul>\n\n\n\n<!-- User Submitted Posts @ https:\/\/m0n.co\/usp -->\n\n<div id=\"user-submitted-posts\">\n\tRemplir le formulaire ci apr\u00e8s pour r\u00e9diger un article.\t\n\t<form id=\"usp_form\" method=\"post\" enctype=\"multipart\/form-data\" action=\"\">\n\t\t<div id=\"usp-error-message\" class=\"usp-callout-failure usp-hidden\">Veuillez remplir les champs obligatoires.<\/div>\n\t\t\t\t\n\t\t<fieldset class=\"usp-name\">\n\t\t\t<label for=\"user-submitted-name\">Votre nom<\/label>\n\t\t\t<input id=\"user-submitted-name\" name=\"user-submitted-name\" type=\"text\" value=\"\" placeholder=\"Votre nom\" data-required=\"true\" required class=\"usp-input\">\n\t\t<\/fieldset>\n\t\t\t\t\n\t\t<fieldset class=\"usp-email\">\n\t\t\t<label for=\"user-submitted-email\">Votre courriel<\/label>\n\t\t\t<input id=\"user-submitted-email\" name=\"user-submitted-email\" type=\"email\" data-parsley-type=\"email\" value=\"\" placeholder=\"Votre courriel\" data-required=\"true\" required class=\"usp-input\">\n\t\t<\/fieldset>\n\t\t\t\t\n\t\t<fieldset class=\"usp-title\">\n\t\t\t<label for=\"user-submitted-title\">Titre du poste<\/label>\n\t\t\t<input id=\"user-submitted-title\" name=\"user-submitted-title\" type=\"text\" value=\"\" placeholder=\"Titre du poste\" data-required=\"true\" required class=\"usp-input\">\n\t\t<\/fieldset>\n\t\t\t\t\n\t\t<fieldset class=\"usp-category\">\n\t\t\t<label for=\"user-submitted-category\">Cat\u00e9gorie de publication<\/label>\n\t\t\t<select id=\"user-submitted-category\" multiple=\"multiple\" class=\"usp-select usp-multiple\" name=\"user-submitted-category[]\">\n\t\t\t\t<option value=\"\" selected=\"true\" disabled>Veuillez s\u00e9lectionner une cat\u00e9gorie.<\/option>\n\t\t\t\t<option value=\"30\" class=\"usp-cat-parent\">Association<\/option><option value=\"32\" class=\"usp-cat-parent\">Chorale Abracada&#039;Jazz<\/option><option value=\"31\" class=\"usp-cat-parent\">Chorale Classique<\/option>\t\t\t<\/select>\n\t\t<\/fieldset>\n\t\t\t\t\n\t\t<fieldset class=\"usp-content\">\n\t\t\t\t\t\t\n\t\t\t<div class=\"usp_text-editor\">\n\t\t\t<div id=\"wp-uspcontent-wrap\" class=\"wp-core-ui wp-editor-wrap tmce-active\"><link rel='stylesheet' id='dashicons-css' href='https:\/\/villains-massy.com\/wp-includes\/css\/dashicons.min.css?ver=6.8.5' media='all' \/>\n<link rel='stylesheet' id='editor-buttons-css' href='https:\/\/villains-massy.com\/wp-includes\/css\/editor.min.css?ver=6.8.5' media='all' \/>\n<div id=\"wp-uspcontent-editor-tools\" class=\"wp-editor-tools hide-if-no-js\"><div class=\"wp-editor-tabs\"><button type=\"button\" id=\"uspcontent-tmce\" aria-pressed=\"true\" class=\"wp-switch-editor switch-tmce\" data-wp-editor-id=\"uspcontent\">Visuel<\/button>\n<button type=\"button\" id=\"uspcontent-html\" class=\"wp-switch-editor switch-html\" data-wp-editor-id=\"uspcontent\">Code<\/button>\n<\/div>\n<\/div>\n<div id=\"wp-uspcontent-editor-container\" class=\"wp-editor-container\"><div id=\"qt_uspcontent_toolbar\" class=\"quicktags-toolbar hide-if-no-js\"><\/div><textarea class=\"usp-rich-textarea wp-editor-area\" rows=\"10\" autocomplete=\"off\" cols=\"40\" name=\"user-submitted-content\" id=\"uspcontent\"><\/textarea><\/div>\n<\/div>\n\n\t\t\t\t\n\t\t\t<\/div>\n\t\t\t\t\t\t\n\t\t<\/fieldset>\n\t\t\t\t\n\t\t<fieldset id=\"usp_verify\" style=\"display:none;\">\n\t\t\t<label for=\"user-submitted-verify\">V\u00e9rification humaine\u00a0: laissez ce champ vide.<\/label>\n\t\t\t<input id=\"user-submitted-verify\" name=\"user-submitted-verify\" type=\"text\" value=\"\" data-parsley-excluded=\"true\">\n\t\t<\/fieldset>\n\t\t\n\t\t\t\t\n\t\t<div id=\"usp-submit\">\n\t\t\t\t\t\t\t\t\t\t\t\t\t\t\t\t\t\t\n\t\t\t<input type=\"submit\" class=\"usp-submit\" id=\"user-submitted-post\" name=\"user-submitted-post\" value=\"Soumettre un message\">\n\t\t\t<input type=\"hidden\" id=\"usp-nonce\" name=\"usp-nonce\" value=\"d16be15905\" \/>\t\t\t\n\t\t<\/div>\n\t\t\n\t<\/form>\n<\/div>\n<script>(function(){var e = document.getElementById('usp_verify'); if(e) e.parentNode.removeChild(e);})();<\/script>\n\n\n\n\n<p><a href=\"#please-check-shortcode&#038;usp_reset_form=true\">R\u00e9initialiser le formulaire<\/a><\/p>\n\n\n\n<p><\/p>\n","protected":false},"excerpt":{"rendered":"<p>Vous pourrez ainsi cr\u00e9er vous m\u00eame des articles&#8230;<\/p>\n","protected":false},"author":1,"featured_media":0,"parent":0,"menu_order":0,"comment_status":"closed","ping_status":"closed","template":"","meta":{"footnotes":""},"class_list":["post-3036","page","type-page","status-publish","hentry"],"_links":{"self":[{"href":"https:\/\/villains-massy.com\/index.php?rest_route=\/wp\/v2\/pages\/3036","targetHints":{"allow":["GET"]}}],"collection":[{"href":"https:\/\/villains-massy.com\/index.php?rest_route=\/wp\/v2\/pages"}],"about":[{"href":"https:\/\/villains-massy.com\/index.php?rest_route=\/wp\/v2\/types\/page"}],"author":[{"embeddable":true,"href":"https:\/\/villains-massy.com\/index.php?rest_route=\/wp\/v2\/users\/1"}],"replies":[{"embeddable":true,"href":"https:\/\/villains-massy.com\/index.php?rest_route=%2Fwp%2Fv2%2Fcomments&post=3036"}],"version-history":[{"count":0,"href":"https:\/\/villains-massy.com\/index.php?rest_route=\/wp\/v2\/pages\/3036\/revisions"}],"wp:attachment":[{"href":"https:\/\/villains-massy.com\/index.php?rest_route=%2Fwp%2Fv2%2Fmedia&parent=3036"}],"curies":[{"name":"wp","href":"https:\/\/api.w.org\/{rel}","templated":true}]}}